{"id":1188,"date":"2019-12-09T17:28:28","date_gmt":"2019-12-09T16:28:28","guid":{"rendered":"https:\/\/sourcesvives.com\/pourquoi\/"},"modified":"2020-01-08T06:11:20","modified_gmt":"2020-01-08T05:11:20","slug":"why","status":"publish","type":"page","link":"https:\/\/sourcesvives.com\/en\/why\/","title":{"rendered":"Why"},"content":{"rendered":"\t\t<div data-elementor-type=\"wp-page\" data-elementor-id=\"1188\" class=\"elementor elementor-1188 elementor-391\">\n\t\t\t\t\t\t<section class=\"elementor-section elementor-top-section elementor-element elementor-element-4b8f elementor-section-content-middle elementor-section-boxed elementor-section-height-default elementor-section-height-default\" data-id=\"4b8f\" data-element_type=\"section\" data-e-type=\"section\" data-settings=\"{&quot;background_background&quot;:&quot;classic&quot;}\">\n\t\t\t\t\t\t\t<div class=\"elementor-background-overlay\"><\/div>\n\t\t\t\t\t\t\t<div class=\"elementor-container elementor-column-gap-no\">\n\t\t\t\t\t<div class=\"elementor-column elementor-col-100 elementor-top-column elementor-element elementor-element-3aee\" data-id=\"3aee\" data-element_type=\"column\" data-e-type=\"column\">\n\t\t\t<div class=\"elementor-widget-wrap elementor-element-populated\">\n\t\t\t\t\t\t<div class=\"elementor-element elementor-element-6097 elementor-widget elementor-widget-heading\" data-id=\"6097\" data-element_type=\"widget\" data-e-type=\"widget\" data-widget_type=\"heading.default\">\n\t\t\t\t<div class=\"elementor-widget-container\">\n\t\t\t\t\t<h4 class=\"elementor-heading-title elementor-size-default\">Why Springs of  living water ?<\/h4>\t\t\t\t<\/div>\n\t\t\t\t<\/div>\n\t\t\t\t<section class=\"elementor-section elementor-inner-section elementor-element elementor-element-6069 elementor-section-content-top elementor-section-boxed elementor-section-height-default elementor-section-height-default\" data-id=\"6069\" data-element_type=\"section\" data-e-type=\"section\">\n\t\t\t\t\t\t<div class=\"elementor-container elementor-column-gap-no\">\n\t\t\t\t\t<div class=\"elementor-column elementor-col-50 elementor-inner-column elementor-element elementor-element-a6d\" data-id=\"a6d\" data-element_type=\"column\" data-e-type=\"column\">\n\t\t\t<div class=\"elementor-widget-wrap elementor-element-populated\">\n\t\t\t\t\t\t<div class=\"elementor-element elementor-element-5284 elementor-widget elementor-widget-text-editor\" data-id=\"5284\" data-element_type=\"widget\" data-e-type=\"widget\" data-widget_type=\"text-editor.default\">\n\t\t\t\t<div class=\"elementor-widget-container\">\n\t\t\t\t\t\t\t\t\t<p><strong>The world, a small interconnected village<\/strong><\/p><p>These days , thanks to the internet, the world has become a small interconnected village. The children of today and tomorrow will no longer be able to escape contact with &#8220;the other&#8221; even if he the other is at the other \u201cend\u201d of the earth.<\/p><p><strong>The problem of ideologies<\/strong><\/p><p>One of the biggest unresolved problems in the world today is the ideologies that have fractured the human mind.<\/p>\t\t\t\t\t\t\t\t<\/div>\n\t\t\t\t<\/div>\n\t\t\t\t\t<\/div>\n\t\t<\/div>\n\t\t\t\t<div class=\"elementor-column elementor-col-50 elementor-inner-column elementor-element elementor-element-12f0\" data-id=\"12f0\" data-element_type=\"column\" data-e-type=\"column\">\n\t\t\t<div class=\"elementor-widget-wrap elementor-element-populated\">\n\t\t\t\t\t\t<div class=\"elementor-element elementor-element-56a2 elementor-widget elementor-widget-text-editor\" data-id=\"56a2\" data-element_type=\"widget\" data-e-type=\"widget\" data-widget_type=\"text-editor.default\">\n\t\t\t\t<div class=\"elementor-widget-container\">\n\t\t\t\t\t\t\t\t\t<p><strong>The texts called sacred- foundations of our societies<\/strong><\/p><p>These ideologies all stem from the foundations of our societies, which are the belief systems of the \u201creligions\u201d which have shaped our civilizations and which are among the causes of our conflicts, often being exploited by those in power.<\/p><p>It is imperative to create an educational reference on these fundamentals which is essential for understanding the connected world of the 21st century.<\/p><p><strong>A neutral and convincing frame of reference<\/strong><\/p><p>Our aim is to create a neutral and convincing frame of reference in matters of spirituality, designed in close collaboration with women and men with lived, in-depth experience of spiritual realities, as well as collaboration with scientists &#8230;<\/p><p><strong>A secular approach to religion<\/strong><\/p><p>Our approach is secular, original, about the facts of religion.<\/p>\t\t\t\t\t\t\t\t<\/div>\n\t\t\t\t<\/div>\n\t\t\t\t\t<\/div>\n\t\t<\/div>\n\t\t\t\t\t<\/div>\n\t\t<\/section>\n\t\t\t\t<div class=\"elementor-element elementor-element-ec8feda elementor-widget elementor-widget-heading\" data-id=\"ec8feda\" data-element_type=\"widget\" data-e-type=\"widget\" data-widget_type=\"heading.default\">\n\t\t\t\t<div class=\"elementor-widget-container\">\n\t\t\t\t\t<h2 class=\"elementor-heading-title elementor-size-default\">Andr\u00e9 Chouraqui and his method<\/h2>\t\t\t\t<\/div>\n\t\t\t\t<\/div>\n\t\t\t\t<section class=\"elementor-section elementor-inner-section elementor-element elementor-element-fc1d0eb elementor-section-content-top elementor-section-boxed elementor-section-height-default elementor-section-height-default\" data-id=\"fc1d0eb\" data-element_type=\"section\" data-e-type=\"section\">\n\t\t\t\t\t\t<div class=\"elementor-container elementor-column-gap-no\">\n\t\t\t\t\t<div class=\"elementor-column elementor-col-50 elementor-inner-column elementor-element elementor-element-505b3b8\" data-id=\"505b3b8\" data-element_type=\"column\" data-e-type=\"column\">\n\t\t\t<div class=\"elementor-widget-wrap elementor-element-populated\">\n\t\t\t\t\t\t<div class=\"elementor-element elementor-element-78d4dc5 elementor-widget elementor-widget-text-editor\" data-id=\"78d4dc5\" data-element_type=\"widget\" data-e-type=\"widget\" data-widget_type=\"text-editor.default\">\n\t\t\t\t<div class=\"elementor-widget-container\">\n\t\t\t\t\t\t\t\t\t<p><strong>Why Andr\u00e9 Chouraqui?<\/strong><\/p><p>Springs of Living Water aims to provide a repository for the presentation of each of the religions that have survived to the present day, their origins, their messages and their successive reforms and transformations. This pedagogy is intended to be universal and will take into account the latest discoveries of science on the elements mentioned.<\/p><p>The religious known as monotheistic, their journey, their teachings and the account of their schisms which have shaped universal history, will be presented as bases, exclusively in the version of Andr\u00e9 Chouraqui, who is the only man in the world to have translated and commented the \u00a0their entire sacred texts during the second part of the twentieth century.<\/p><p>With a secular and scientific approach, Chouraqui practiced a new method of reinterpreting history, based on the facts and incorporating the idea that to understand the history of our ancestors and their writings we must try to recover the historical, geographical \u00a0and political context of their time.<\/p><p>A word spoken today does not have the same meaning as it did a few millennia ago.<\/p>\t\t\t\t\t\t\t\t<\/div>\n\t\t\t\t<\/div>\n\t\t\t\t\t<\/div>\n\t\t<\/div>\n\t\t\t\t<div class=\"elementor-column elementor-col-50 elementor-inner-column elementor-element elementor-element-7415778\" data-id=\"7415778\" data-element_type=\"column\" data-e-type=\"column\">\n\t\t\t<div class=\"elementor-widget-wrap elementor-element-populated\">\n\t\t\t\t\t\t<div class=\"elementor-element elementor-element-23cc074 elementor-widget elementor-widget-text-editor\" data-id=\"23cc074\" data-element_type=\"widget\" data-e-type=\"widget\" data-widget_type=\"text-editor.default\">\n\t\t\t\t<div class=\"elementor-widget-container\">\n\t\t\t\t\t\t\t\t\t<p><strong>\u201cAndre Chouraqui \u2013 L&#8217;Ecriture des Ecritures\u201d<\/strong><\/p><h6 style=\"text-align: center;\">trailer 3 minutes:<\/h6>\t\t\t\t\t\t\t\t<\/div>\n\t\t\t\t<\/div>\n\t\t\t\t<div class=\"elementor-element elementor-element-9613211 elementor-widget elementor-widget-video\" data-id=\"9613211\" data-element_type=\"widget\" data-e-type=\"widget\" data-settings=\"{&quot;youtube_url&quot;:&quot;https:\\\/\\\/www.youtube.com\\\/watch?v=rPQiDIg0bO0&quot;,&quot;video_type&quot;:&quot;youtube&quot;,&quot;controls&quot;:&quot;yes&quot;}\" data-widget_type=\"video.default\">\n\t\t\t\t<div class=\"elementor-widget-container\">\n\t\t\t\t\t\t\t<div class=\"elementor-wrapper elementor-open-inline\">\n\t\t\t<div class=\"elementor-video\"><\/div>\t\t<\/div>\n\t\t\t\t\t\t<\/div>\n\t\t\t\t<\/div>\n\t\t\t\t<div class=\"elementor-element elementor-element-35a3d5a elementor-widget elementor-widget-text-editor\" data-id=\"35a3d5a\" data-element_type=\"widget\" data-e-type=\"widget\" data-widget_type=\"text-editor.default\">\n\t\t\t\t<div class=\"elementor-widget-container\">\n\t\t\t\t\t\t\t\t\t<p>To know more:<\/p><p style=\"text-align: right;\"><span style=\"text-decoration: underline;\"><strong><a href=\"https:\/\/www.youtube.com\/watch?v=Y-daMEjw0tE\" target=\"_blank\" rel=\"noopener\">film 90 minutes (French with English sub-titles)<\/a><\/strong><\/span><\/p>\t\t\t\t\t\t\t\t<\/div>\n\t\t\t\t<\/div>\n\t\t\t\t\t<\/div>\n\t\t<\/div>\n\t\t\t\t\t<\/div>\n\t\t<\/section>\n\t\t\t\t<div class=\"elementor-element elementor-element-84b424a elementor-widget elementor-widget-heading\" data-id=\"84b424a\" data-element_type=\"widget\" data-e-type=\"widget\" data-widget_type=\"heading.default\">\n\t\t\t\t<div class=\"elementor-widget-container\">\n\t\t\t\t\t<h2 class=\"elementor-heading-title elementor-size-default\">A unique body of work<\/h2>\t\t\t\t<\/div>\n\t\t\t\t<\/div>\n\t\t\t\t<div class=\"elementor-element elementor-element-dbbe14c elementor-widget elementor-widget-text-editor\" data-id=\"dbbe14c\" data-element_type=\"widget\" data-e-type=\"widget\" data-widget_type=\"text-editor.default\">\n\t\t\t\t<div class=\"elementor-widget-container\">\n\t\t\t\t\t\t\t\t\t<p style=\"text-align: center;\"><strong>Bring together the separated<\/strong><\/p><p style=\"text-align: center;\">This body of work, unique in the world, of which we have preserved the essential, was designed by Chouraqui with the sole aim of bringing together those who are separated, in the perspective of a peaceful world, the ultimate goal of all the spiritualties of the world.<\/p>\t\t\t\t\t\t\t\t<\/div>\n\t\t\t\t<\/div>\n\t\t\t\t<div class=\"elementor-element elementor-element-25300f6 elementor-widget elementor-widget-heading\" data-id=\"25300f6\" data-element_type=\"widget\" data-e-type=\"widget\" data-widget_type=\"heading.default\">\n\t\t\t\t<div class=\"elementor-widget-container\">\n\t\t\t\t\t<h5 class=\"elementor-heading-title elementor-size-default\">Studies on the method of Andr\u00e9 Chouraqui<\/h5>\t\t\t\t<\/div>\n\t\t\t\t<\/div>\n\t\t\t\t<section class=\"elementor-section elementor-inner-section elementor-element elementor-element-1609d69 elementor-section-content-top elementor-section-boxed elementor-section-height-default elementor-section-height-default\" data-id=\"1609d69\" data-element_type=\"section\" data-e-type=\"section\">\n\t\t\t\t\t\t<div class=\"elementor-container elementor-column-gap-no\">\n\t\t\t\t\t<div class=\"elementor-column elementor-col-50 elementor-inner-column elementor-element elementor-element-adfb6cf\" data-id=\"adfb6cf\" data-element_type=\"column\" data-e-type=\"column\">\n\t\t\t<div class=\"elementor-widget-wrap elementor-element-populated\">\n\t\t\t\t\t\t<div class=\"elementor-element elementor-element-271dbe4 elementor-widget elementor-widget-text-editor\" data-id=\"271dbe4\" data-element_type=\"widget\" data-e-type=\"widget\" data-widget_type=\"text-editor.default\">\n\t\t\t\t<div class=\"elementor-widget-container\">\n\t\t\t\t\t\t\t\t\t<p><strong>In French:<\/strong><\/p><p><strong>&#8216;Traduire les textes sacr\u00e9s : La m\u00e9thode d\u2019Andr\u00e9 Chouraqui par rapport \u00e0 celle d\u2019Eug\u00e8ne Nida&#8217;<\/strong> \u00e9crit par le Dr. Francine Kaufmann D\u00e9partement de traducteurs, interpr\u00e8tes et traductologie Universit\u00e9 Bar Ilan, Isra\u00ebl.<\/p><p style=\"text-align: right;\"><strong><a href=\"https:\/\/sourcesvives.com\/wp-content\/uploads\/Traduire_les-textes_sacres_Francine_Kaufmann.pdf\" target=\"_blank\" rel=\"noopener\">Download the PDF<\/a><\/strong><\/p><p style=\"text-align: right;\">\u00a0<\/p>\t\t\t\t\t\t\t\t<\/div>\n\t\t\t\t<\/div>\n\t\t\t\t<div class=\"elementor-element elementor-element-9a5a8d4 elementor-widget elementor-widget-text-editor\" data-id=\"9a5a8d4\" data-element_type=\"widget\" data-e-type=\"widget\" data-widget_type=\"text-editor.default\">\n\t\t\t\t<div class=\"elementor-widget-container\">\n\t\t\t\t\t\t\t\t\t<p><strong>Pour comprendre la Bible: la le\u00e7on d&#8217;Andr\u00e9 Chouraqui<\/strong><br \/>Version abr\u00e9g\u00e9e du livre de Cyril Aslanov, \u00c9ditions du Rocher, 1999<\/p><p style=\"text-align: right;\"><strong><a href=\"https:\/\/sourcesvives.com\/wp-content\/uploads\/Pour-comprendre-la-traduction-Chouraqui-par-Cyril-Aslanov.pdf\" target=\"_blank\" rel=\"noopener\">Download the PDF<\/a><\/strong><\/p><p style=\"text-align: right;\">\u00a0<\/p>\t\t\t\t\t\t\t\t<\/div>\n\t\t\t\t<\/div>\n\t\t\t\t\t<\/div>\n\t\t<\/div>\n\t\t\t\t<div class=\"elementor-column elementor-col-50 elementor-inner-column elementor-element elementor-element-f9a9d15\" data-id=\"f9a9d15\" data-element_type=\"column\" data-e-type=\"column\">\n\t\t\t<div class=\"elementor-widget-wrap elementor-element-populated\">\n\t\t\t\t\t\t<div class=\"elementor-element elementor-element-f474f5f elementor-widget elementor-widget-text-editor\" data-id=\"f474f5f\" data-element_type=\"widget\" data-e-type=\"widget\" data-widget_type=\"text-editor.default\">\n\t\t\t\t<div class=\"elementor-widget-container\">\n\t\t\t\t\t\t\t\t\t<p><strong>In English:<\/strong><\/p><p><strong>&#8216;Translation for Transformation: Andr\u00e9 Chouraqui and His Unique Contribution to Interfaith Dialogue and Friendship&#8217;<\/strong> &#8211; written by Dr. Murray Watson (\u201cSacred Texts and Human Contexts\u201d conference 2013,Hickey Center for Interfaith Studies and Dialogue, Nazareth College, Rochester, NY)<\/p><p style=\"text-align: right;\"><strong><a href=\"https:\/\/sourcesvives.com\/wp-content\/uploads\/Translation_for_Transformation_MurrayWatson.pdf\" target=\"_blank\" rel=\"noopener\">Download the PDF<\/a><\/strong><\/p>\t\t\t\t\t\t\t\t<\/div>\n\t\t\t\t<\/div>\n\t\t\t\t\t<\/div>\n\t\t<\/div>\n\t\t\t\t\t<\/div>\n\t\t<\/section>\n\t\t\t\t\t<\/div>\n\t\t<\/div>\n\t\t\t\t\t<\/div>\n\t\t<\/section>\n\t\t\t\t<\/div>\n\t\t","protected":false},"excerpt":{"rendered":"<p>Why Springs of living water ? The world, a small interconnected village These days , thanks to the internet, the world has become a small interconnected village. The children of today and tomorrow will no longer be able to escape contact with &#8220;the other&#8221; even if he the other is at the other \u201cend\u201d of [&hellip;]<\/p>\n","protected":false},"author":1,"featured_media":0,"parent":0,"menu_order":0,"comment_status":"closed","ping_status":"closed","template":"elementor_header_footer","meta":{"_exactmetrics_skip_tracking":false,"_exactmetrics_sitenote_active":false,"_exactmetrics_sitenote_note":"","_exactmetrics_sitenote_category":0,"footnotes":""},"class_list":["post-1188","page","type-page","status-publish","hentry"],"_links":{"self":[{"href":"https:\/\/sourcesvives.com\/en\/wp-json\/wp\/v2\/pages\/1188","targetHints":{"allow":["GET"]}}],"collection":[{"href":"https:\/\/sourcesvives.com\/en\/wp-json\/wp\/v2\/pages"}],"about":[{"href":"https:\/\/sourcesvives.com\/en\/wp-json\/wp\/v2\/types\/page"}],"author":[{"embeddable":true,"href":"https:\/\/sourcesvives.com\/en\/wp-json\/wp\/v2\/users\/1"}],"replies":[{"embeddable":true,"href":"https:\/\/sourcesvives.com\/en\/wp-json\/wp\/v2\/comments?post=1188"}],"version-history":[{"count":15,"href":"https:\/\/sourcesvives.com\/en\/wp-json\/wp\/v2\/pages\/1188\/revisions"}],"predecessor-version":[{"id":1241,"href":"https:\/\/sourcesvives.com\/en\/wp-json\/wp\/v2\/pages\/1188\/revisions\/1241"}],"wp:attachment":[{"href":"https:\/\/sourcesvives.com\/en\/wp-json\/wp\/v2\/media?parent=1188"}],"curies":[{"name":"wp","href":"https:\/\/api.w.org\/{rel}","templated":true}]}}